{"id":23,"date":"2015-05-01T07:40:53","date_gmt":"2015-05-01T05:40:53","guid":{"rendered":"https:\/\/harder-zur-elbbruecke.de\/wordpress\/kontakt\/"},"modified":"2023-01-11T12:35:13","modified_gmt":"2023-01-11T11:35:13","slug":"kontakt","status":"publish","type":"page","link":"https:\/\/harder-zur-elbbruecke.de\/wordpress\/kontakt\/","title":{"rendered":"Kontakt"},"content":{"rendered":"<div class=\"contact-address\">\n<p><span class=\"contact-name\">Axel &amp; Kay Harder<br \/>\n<\/span>Gastst\u00e4tte &#8222;Zur Elbbr\u00fccke&#8220;<br \/>\nMoorfleeter Deich 259<br \/>\n<span class=\"contact-suburb\">22113 Hamburg <\/span><\/p>\n<\/div>\n<div class=\"contact-contactinfo\">\n<p><span class=\"jicons-icons\">E-Mail: <\/span><span class=\"contact-emailto\"><a href=\"mailto:kay-harder-zur-elbbruecke@gmx.de\">kay-harder-zur-elbbruecke@gmx.de<\/a> <\/span><\/p>\n<p><span class=\"jicons-icons\">Telefon: <\/span><span class=\"contact-telephone\">+49 (0) 40-737 23 04<br \/>\n<\/span><span class=\"jicons-icons\">Fax: <\/span><span class=\"contact-fax\">+49 (0) 40-743 94 985<br \/>\n<\/span><span class=\"contact-webpage\">http:\/\/www.harder-zur-elbbruecke.de <\/span><\/p>\n<\/div>\n","protected":false},"excerpt":{"rendered":"<p>Axel &amp; Kay Harder Gastst\u00e4tte &#8222;Zur Elbbr\u00fccke&#8220; Moorfleeter Deich 259 22113 Hamburg E-Mail: kay-harder-zur-elbbruecke@gmx.de Telefon: +49 (0) 40-737 23 04 Fax: +49 (0) 40-743 94 985 http:\/\/www.harder-zur-elbbruecke.de<\/p>\n","protected":false},"author":1,"featured_media":0,"parent":0,"menu_order":6,"comment_status":"closed","ping_status":"closed","template":"","meta":{"pgc_sgb_lightbox_settings":"","footnotes":""},"class_list":["post-23","page","type-page","status-publish","hentry"],"yoast_head":"<!-- This site is optimized with the Yoast SEO plugin v27.5 - https:\/\/yoast.com\/product\/yoast-seo-wordpress\/ -->\n<title>Kontakt - Harder zur Elbbr\u00fccke<\/title>\n<meta name=\"robots\" content=\"index, follow, max-snippet:-1, max-image-preview:large, max-video-preview:-1\" \/>\n<link rel=\"canonical\" href=\"https:\/\/harder-zur-elbbruecke.de\/wordpress\/kontakt\/\" \/>\n<meta property=\"og:locale\" content=\"de_DE\" \/>\n<meta property=\"og:type\" content=\"article\" \/>\n<meta property=\"og:title\" content=\"Kontakt - Harder zur Elbbr\u00fccke\" \/>\n<meta property=\"og:description\" content=\"Axel &amp; Kay Harder Gastst\u00e4tte &#8222;Zur Elbbr\u00fccke&#8220; Moorfleeter Deich 259 22113 Hamburg E-Mail: kay-harder-zur-elbbruecke@gmx.de Telefon: +49 (0) 40-737 23 04 Fax: +49 (0) 40-743 94 985 http:\/\/www.harder-zur-elbbruecke.de\" \/>\n<meta property=\"og:url\" content=\"https:\/\/harder-zur-elbbruecke.de\/wordpress\/kontakt\/\" \/>\n<meta property=\"og:site_name\" content=\"Harder zur Elbbr\u00fccke\" \/>\n<meta property=\"article:modified_time\" content=\"2023-01-11T11:35:13+00:00\" \/>\n<meta name=\"twitter:card\" content=\"summary_large_image\" \/>\n<meta name=\"twitter:label1\" content=\"Gesch\u00e4tzte Lesezeit\" \/>\n\t<meta name=\"twitter:data1\" content=\"1\u00a0Minute\" \/>\n<script type=\"application\/ld+json\" class=\"yoast-schema-graph\">{\"@context\":\"https:\\\/\\\/schema.org\",\"@graph\":[{\"@type\":\"WebPage\",\"@id\":\"https:\\\/\\\/harder-zur-elbbruecke.de\\\/wordpress\\\/kontakt\\\/\",\"url\":\"https:\\\/\\\/harder-zur-elbbruecke.de\\\/wordpress\\\/kontakt\\\/\",\"name\":\"Kontakt - Harder zur Elbbr\u00fccke\",\"isPartOf\":{\"@id\":\"https:\\\/\\\/harder-zur-elbbruecke.de\\\/wordpress\\\/#website\"},\"datePublished\":\"2015-05-01T05:40:53+00:00\",\"dateModified\":\"2023-01-11T11:35:13+00:00\",\"breadcrumb\":{\"@id\":\"https:\\\/\\\/harder-zur-elbbruecke.de\\\/wordpress\\\/kontakt\\\/#breadcrumb\"},\"inLanguage\":\"de\",\"potentialAction\":[{\"@type\":\"ReadAction\",\"target\":[\"https:\\\/\\\/harder-zur-elbbruecke.de\\\/wordpress\\\/kontakt\\\/\"]}]},{\"@type\":\"BreadcrumbList\",\"@id\":\"https:\\\/\\\/harder-zur-elbbruecke.de\\\/wordpress\\\/kontakt\\\/#breadcrumb\",\"itemListElement\":[{\"@type\":\"ListItem\",\"position\":1,\"name\":\"Startseite\",\"item\":\"https:\\\/\\\/harder-zur-elbbruecke.de\\\/wordpress\\\/\"},{\"@type\":\"ListItem\",\"position\":2,\"name\":\"Kontakt\"}]},{\"@type\":\"WebSite\",\"@id\":\"https:\\\/\\\/harder-zur-elbbruecke.de\\\/wordpress\\\/#website\",\"url\":\"https:\\\/\\\/harder-zur-elbbruecke.de\\\/wordpress\\\/\",\"name\":\"Harder zur Elbbr\u00fccke\",\"description\":\"\",\"publisher\":{\"@id\":\"https:\\\/\\\/harder-zur-elbbruecke.de\\\/wordpress\\\/#organization\"},\"potentialAction\":[{\"@type\":\"SearchAction\",\"target\":{\"@type\":\"EntryPoint\",\"urlTemplate\":\"https:\\\/\\\/harder-zur-elbbruecke.de\\\/wordpress\\\/?s={search_term_string}\"},\"query-input\":{\"@type\":\"PropertyValueSpecification\",\"valueRequired\":true,\"valueName\":\"search_term_string\"}}],\"inLanguage\":\"de\"},{\"@type\":\"Organization\",\"@id\":\"https:\\\/\\\/harder-zur-elbbruecke.de\\\/wordpress\\\/#organization\",\"name\":\"Harder zur Elbbr\u00fccke\",\"url\":\"https:\\\/\\\/harder-zur-elbbruecke.de\\\/wordpress\\\/\",\"logo\":{\"@type\":\"ImageObject\",\"inLanguage\":\"de\",\"@id\":\"https:\\\/\\\/harder-zur-elbbruecke.de\\\/wordpress\\\/#\\\/schema\\\/logo\\\/image\\\/\",\"url\":\"https:\\\/\\\/harder-zur-elbbruecke.de\\\/wordpress\\\/wp-content\\\/uploads\\\/2022\\\/12\\\/Logo.png\",\"contentUrl\":\"https:\\\/\\\/harder-zur-elbbruecke.de\\\/wordpress\\\/wp-content\\\/uploads\\\/2022\\\/12\\\/Logo.png\",\"width\":658,\"height\":167,\"caption\":\"Harder zur Elbbr\u00fccke\"},\"image\":{\"@id\":\"https:\\\/\\\/harder-zur-elbbruecke.de\\\/wordpress\\\/#\\\/schema\\\/logo\\\/image\\\/\"}}]}<\/script>\n<!-- \/ Yoast SEO plugin. -->","yoast_head_json":{"title":"Kontakt - Harder zur Elbbr\u00fccke","robots":{"index":"index","follow":"follow","max-snippet":"max-snippet:-1","max-image-preview":"max-image-preview:large","max-video-preview":"max-video-preview:-1"},"canonical":"https:\/\/harder-zur-elbbruecke.de\/wordpress\/kontakt\/","og_locale":"de_DE","og_type":"article","og_title":"Kontakt - Harder zur Elbbr\u00fccke","og_description":"Axel &amp; Kay Harder Gastst\u00e4tte &#8222;Zur Elbbr\u00fccke&#8220; Moorfleeter Deich 259 22113 Hamburg E-Mail: kay-harder-zur-elbbruecke@gmx.de Telefon: +49 (0) 40-737 23 04 Fax: +49 (0) 40-743 94 985 http:\/\/www.harder-zur-elbbruecke.de","og_url":"https:\/\/harder-zur-elbbruecke.de\/wordpress\/kontakt\/","og_site_name":"Harder zur Elbbr\u00fccke","article_modified_time":"2023-01-11T11:35:13+00:00","twitter_card":"summary_large_image","twitter_misc":{"Gesch\u00e4tzte Lesezeit":"1\u00a0Minute"},"schema":{"@context":"https:\/\/schema.org","@graph":[{"@type":"WebPage","@id":"https:\/\/harder-zur-elbbruecke.de\/wordpress\/kontakt\/","url":"https:\/\/harder-zur-elbbruecke.de\/wordpress\/kontakt\/","name":"Kontakt - Harder zur Elbbr\u00fccke","isPartOf":{"@id":"https:\/\/harder-zur-elbbruecke.de\/wordpress\/#website"},"datePublished":"2015-05-01T05:40:53+00:00","dateModified":"2023-01-11T11:35:13+00:00","breadcrumb":{"@id":"https:\/\/harder-zur-elbbruecke.de\/wordpress\/kontakt\/#breadcrumb"},"inLanguage":"de","potentialAction":[{"@type":"ReadAction","target":["https:\/\/harder-zur-elbbruecke.de\/wordpress\/kontakt\/"]}]},{"@type":"BreadcrumbList","@id":"https:\/\/harder-zur-elbbruecke.de\/wordpress\/kontakt\/#breadcrumb","itemListElement":[{"@type":"ListItem","position":1,"name":"Startseite","item":"https:\/\/harder-zur-elbbruecke.de\/wordpress\/"},{"@type":"ListItem","position":2,"name":"Kontakt"}]},{"@type":"WebSite","@id":"https:\/\/harder-zur-elbbruecke.de\/wordpress\/#website","url":"https:\/\/harder-zur-elbbruecke.de\/wordpress\/","name":"Harder zur Elbbr\u00fccke","description":"","publisher":{"@id":"https:\/\/harder-zur-elbbruecke.de\/wordpress\/#organization"},"potentialAction":[{"@type":"SearchAction","target":{"@type":"EntryPoint","urlTemplate":"https:\/\/harder-zur-elbbruecke.de\/wordpress\/?s={search_term_string}"},"query-input":{"@type":"PropertyValueSpecification","valueRequired":true,"valueName":"search_term_string"}}],"inLanguage":"de"},{"@type":"Organization","@id":"https:\/\/harder-zur-elbbruecke.de\/wordpress\/#organization","name":"Harder zur Elbbr\u00fccke","url":"https:\/\/harder-zur-elbbruecke.de\/wordpress\/","logo":{"@type":"ImageObject","inLanguage":"de","@id":"https:\/\/harder-zur-elbbruecke.de\/wordpress\/#\/schema\/logo\/image\/","url":"https:\/\/harder-zur-elbbruecke.de\/wordpress\/wp-content\/uploads\/2022\/12\/Logo.png","contentUrl":"https:\/\/harder-zur-elbbruecke.de\/wordpress\/wp-content\/uploads\/2022\/12\/Logo.png","width":658,"height":167,"caption":"Harder zur Elbbr\u00fccke"},"image":{"@id":"https:\/\/harder-zur-elbbruecke.de\/wordpress\/#\/schema\/logo\/image\/"}}]}},"_links":{"self":[{"href":"https:\/\/harder-zur-elbbruecke.de\/wordpress\/wp-json\/wp\/v2\/pages\/23","targetHints":{"allow":["GET"]}}],"collection":[{"href":"https:\/\/harder-zur-elbbruecke.de\/wordpress\/wp-json\/wp\/v2\/pages"}],"about":[{"href":"https:\/\/harder-zur-elbbruecke.de\/wordpress\/wp-json\/wp\/v2\/types\/page"}],"author":[{"embeddable":true,"href":"https:\/\/harder-zur-elbbruecke.de\/wordpress\/wp-json\/wp\/v2\/users\/1"}],"replies":[{"embeddable":true,"href":"https:\/\/harder-zur-elbbruecke.de\/wordpress\/wp-json\/wp\/v2\/comments?post=23"}],"version-history":[{"count":4,"href":"https:\/\/harder-zur-elbbruecke.de\/wordpress\/wp-json\/wp\/v2\/pages\/23\/revisions"}],"predecessor-version":[{"id":187,"href":"https:\/\/harder-zur-elbbruecke.de\/wordpress\/wp-json\/wp\/v2\/pages\/23\/revisions\/187"}],"wp:attachment":[{"href":"https:\/\/harder-zur-elbbruecke.de\/wordpress\/wp-json\/wp\/v2\/media?parent=23"}],"curies":[{"name":"wp","href":"https:\/\/api.w.org\/{rel}","templated":true}]}}