{"id":9,"date":"2015-05-01T07:30:25","date_gmt":"2015-05-01T05:30:25","guid":{"rendered":"https:\/\/harder-zur-elbbruecke.de\/wordpress\/anfahrt\/"},"modified":"2023-01-10T22:40:03","modified_gmt":"2023-01-10T21:40:03","slug":"anfahrt","status":"publish","type":"page","link":"https:\/\/harder-zur-elbbruecke.de\/wordpress\/anfahrt\/","title":{"rendered":"Anfahrt"},"content":{"rendered":"<p>Liebe G\u00e4ste, hier finden Sie uns: Gastst\u00e4tte \u201cZur Elbbr\u00fccke\u201d &#8211; Moorfleeter Deich 259 &#8211; <span class=\"contact-suburb\">22113 Hamburg <br \/>oder \u00fcber die die <span class=\"ILfuVd\" lang=\"de\"><span class=\"hgKElc\">Dreiwortadresse: <\/span><\/span><\/span><a href=\"https:\/\/w3w.co\/verkehrt.f\u00fchren.vorne\">https:\/\/w3w.co\/verkehrt.f\u00fchren.vorne<\/a>\u00a0<\/p>\n\n\t\t<div\n            id=\"wpmapblock_7719f5d4\"\n            data-settings='{&quot;map_marker&quot;:[{&quot;lat&quot;:&quot;53.50178540594625&quot;,&quot;lng&quot;:&quot;10.079962338531912&quot;,&quot;title&quot;:&quot;Restaurant \\u0026quot;Zur Elbbr\\u00fccke\\u0026quot;&quot;,&quot;content&quot;:&quot;&quot;,&quot;iconType&quot;:&quot;default&quot;,&quot;customIconUrl&quot;:&quot;&quot;,&quot;customIconWidth&quot;:&quot;25&quot;,&quot;customIconHeight&quot;:&quot;40&quot;}],&quot;map_zoom&quot;:&quot;14&quot;,&quot;scroll_wheel_zoom&quot;:false,&quot;map_type&quot;:&quot;GM&quot;,&quot;center_index&quot;:0}'\n            class=\"wpmapblockrender\"\n            style=\"\n\t\t\twidth: 100%;\n\t\t\theight: 500px;\n\t\t\"\n            >\n        <\/div>\n        ","protected":false},"excerpt":{"rendered":"<p>Liebe G\u00e4ste, hier finden Sie uns: Gastst\u00e4tte \u201cZur Elbbr\u00fccke\u201d &#8211; Moorfleeter Deich 259 &#8211; 22113 Hamburg oder \u00fcber die die Dreiwortadresse: https:\/\/w3w.co\/verkehrt.f\u00fchren.vorne\u00a0<\/p>\n","protected":false},"author":1,"featured_media":0,"parent":0,"menu_order":9,"comment_status":"closed","ping_status":"closed","template":"","meta":{"pgc_sgb_lightbox_settings":"","footnotes":""},"class_list":["post-9","page","type-page","status-publish","hentry"],"yoast_head":"<!-- This site is optimized with the Yoast SEO plugin v27.5 - https:\/\/yoast.com\/product\/yoast-seo-wordpress\/ -->\n<title>Anfahrt - Harder zur Elbbr\u00fccke<\/title>\n<meta name=\"robots\" content=\"index, follow, max-snippet:-1, max-image-preview:large, max-video-preview:-1\" \/>\n<link rel=\"canonical\" href=\"https:\/\/harder-zur-elbbruecke.de\/wordpress\/anfahrt\/\" \/>\n<meta property=\"og:locale\" content=\"de_DE\" \/>\n<meta property=\"og:type\" content=\"article\" \/>\n<meta property=\"og:title\" content=\"Anfahrt - Harder zur Elbbr\u00fccke\" \/>\n<meta property=\"og:description\" content=\"Liebe G\u00e4ste, hier finden Sie uns: Gastst\u00e4tte \u201cZur Elbbr\u00fccke\u201d &#8211; Moorfleeter Deich 259 &#8211; 22113 Hamburg oder \u00fcber die die Dreiwortadresse: https:\/\/w3w.co\/verkehrt.f\u00fchren.vorne\u00a0\" \/>\n<meta property=\"og:url\" content=\"https:\/\/harder-zur-elbbruecke.de\/wordpress\/anfahrt\/\" \/>\n<meta property=\"og:site_name\" content=\"Harder zur Elbbr\u00fccke\" \/>\n<meta property=\"article:modified_time\" content=\"2023-01-10T21:40:03+00:00\" \/>\n<meta name=\"twitter:card\" content=\"summary_large_image\" \/>\n<meta name=\"twitter:label1\" content=\"Gesch\u00e4tzte Lesezeit\" \/>\n\t<meta name=\"twitter:data1\" content=\"1\u00a0Minute\" \/>\n<script type=\"application\/ld+json\" class=\"yoast-schema-graph\">{\"@context\":\"https:\\\/\\\/schema.org\",\"@graph\":[{\"@type\":\"WebPage\",\"@id\":\"https:\\\/\\\/harder-zur-elbbruecke.de\\\/wordpress\\\/anfahrt\\\/\",\"url\":\"https:\\\/\\\/harder-zur-elbbruecke.de\\\/wordpress\\\/anfahrt\\\/\",\"name\":\"Anfahrt - Harder zur Elbbr\u00fccke\",\"isPartOf\":{\"@id\":\"https:\\\/\\\/harder-zur-elbbruecke.de\\\/wordpress\\\/#website\"},\"datePublished\":\"2015-05-01T05:30:25+00:00\",\"dateModified\":\"2023-01-10T21:40:03+00:00\",\"breadcrumb\":{\"@id\":\"https:\\\/\\\/harder-zur-elbbruecke.de\\\/wordpress\\\/anfahrt\\\/#breadcrumb\"},\"inLanguage\":\"de\",\"potentialAction\":[{\"@type\":\"ReadAction\",\"target\":[\"https:\\\/\\\/harder-zur-elbbruecke.de\\\/wordpress\\\/anfahrt\\\/\"]}]},{\"@type\":\"BreadcrumbList\",\"@id\":\"https:\\\/\\\/harder-zur-elbbruecke.de\\\/wordpress\\\/anfahrt\\\/#breadcrumb\",\"itemListElement\":[{\"@type\":\"ListItem\",\"position\":1,\"name\":\"Startseite\",\"item\":\"https:\\\/\\\/harder-zur-elbbruecke.de\\\/wordpress\\\/\"},{\"@type\":\"ListItem\",\"position\":2,\"name\":\"Anfahrt\"}]},{\"@type\":\"WebSite\",\"@id\":\"https:\\\/\\\/harder-zur-elbbruecke.de\\\/wordpress\\\/#website\",\"url\":\"https:\\\/\\\/harder-zur-elbbruecke.de\\\/wordpress\\\/\",\"name\":\"Harder zur Elbbr\u00fccke\",\"description\":\"\",\"publisher\":{\"@id\":\"https:\\\/\\\/harder-zur-elbbruecke.de\\\/wordpress\\\/#organization\"},\"potentialAction\":[{\"@type\":\"SearchAction\",\"target\":{\"@type\":\"EntryPoint\",\"urlTemplate\":\"https:\\\/\\\/harder-zur-elbbruecke.de\\\/wordpress\\\/?s={search_term_string}\"},\"query-input\":{\"@type\":\"PropertyValueSpecification\",\"valueRequired\":true,\"valueName\":\"search_term_string\"}}],\"inLanguage\":\"de\"},{\"@type\":\"Organization\",\"@id\":\"https:\\\/\\\/harder-zur-elbbruecke.de\\\/wordpress\\\/#organization\",\"name\":\"Harder zur Elbbr\u00fccke\",\"url\":\"https:\\\/\\\/harder-zur-elbbruecke.de\\\/wordpress\\\/\",\"logo\":{\"@type\":\"ImageObject\",\"inLanguage\":\"de\",\"@id\":\"https:\\\/\\\/harder-zur-elbbruecke.de\\\/wordpress\\\/#\\\/schema\\\/logo\\\/image\\\/\",\"url\":\"https:\\\/\\\/harder-zur-elbbruecke.de\\\/wordpress\\\/wp-content\\\/uploads\\\/2022\\\/12\\\/Logo.png\",\"contentUrl\":\"https:\\\/\\\/harder-zur-elbbruecke.de\\\/wordpress\\\/wp-content\\\/uploads\\\/2022\\\/12\\\/Logo.png\",\"width\":658,\"height\":167,\"caption\":\"Harder zur Elbbr\u00fccke\"},\"image\":{\"@id\":\"https:\\\/\\\/harder-zur-elbbruecke.de\\\/wordpress\\\/#\\\/schema\\\/logo\\\/image\\\/\"}}]}<\/script>\n<!-- \/ Yoast SEO plugin. -->","yoast_head_json":{"title":"Anfahrt - Harder zur Elbbr\u00fccke","robots":{"index":"index","follow":"follow","max-snippet":"max-snippet:-1","max-image-preview":"max-image-preview:large","max-video-preview":"max-video-preview:-1"},"canonical":"https:\/\/harder-zur-elbbruecke.de\/wordpress\/anfahrt\/","og_locale":"de_DE","og_type":"article","og_title":"Anfahrt - Harder zur Elbbr\u00fccke","og_description":"Liebe G\u00e4ste, hier finden Sie uns: Gastst\u00e4tte \u201cZur Elbbr\u00fccke\u201d &#8211; Moorfleeter Deich 259 &#8211; 22113 Hamburg oder \u00fcber die die Dreiwortadresse: https:\/\/w3w.co\/verkehrt.f\u00fchren.vorne\u00a0","og_url":"https:\/\/harder-zur-elbbruecke.de\/wordpress\/anfahrt\/","og_site_name":"Harder zur Elbbr\u00fccke","article_modified_time":"2023-01-10T21:40:03+00:00","twitter_card":"summary_large_image","twitter_misc":{"Gesch\u00e4tzte Lesezeit":"1\u00a0Minute"},"schema":{"@context":"https:\/\/schema.org","@graph":[{"@type":"WebPage","@id":"https:\/\/harder-zur-elbbruecke.de\/wordpress\/anfahrt\/","url":"https:\/\/harder-zur-elbbruecke.de\/wordpress\/anfahrt\/","name":"Anfahrt - Harder zur Elbbr\u00fccke","isPartOf":{"@id":"https:\/\/harder-zur-elbbruecke.de\/wordpress\/#website"},"datePublished":"2015-05-01T05:30:25+00:00","dateModified":"2023-01-10T21:40:03+00:00","breadcrumb":{"@id":"https:\/\/harder-zur-elbbruecke.de\/wordpress\/anfahrt\/#breadcrumb"},"inLanguage":"de","potentialAction":[{"@type":"ReadAction","target":["https:\/\/harder-zur-elbbruecke.de\/wordpress\/anfahrt\/"]}]},{"@type":"BreadcrumbList","@id":"https:\/\/harder-zur-elbbruecke.de\/wordpress\/anfahrt\/#breadcrumb","itemListElement":[{"@type":"ListItem","position":1,"name":"Startseite","item":"https:\/\/harder-zur-elbbruecke.de\/wordpress\/"},{"@type":"ListItem","position":2,"name":"Anfahrt"}]},{"@type":"WebSite","@id":"https:\/\/harder-zur-elbbruecke.de\/wordpress\/#website","url":"https:\/\/harder-zur-elbbruecke.de\/wordpress\/","name":"Harder zur Elbbr\u00fccke","description":"","publisher":{"@id":"https:\/\/harder-zur-elbbruecke.de\/wordpress\/#organization"},"potentialAction":[{"@type":"SearchAction","target":{"@type":"EntryPoint","urlTemplate":"https:\/\/harder-zur-elbbruecke.de\/wordpress\/?s={search_term_string}"},"query-input":{"@type":"PropertyValueSpecification","valueRequired":true,"valueName":"search_term_string"}}],"inLanguage":"de"},{"@type":"Organization","@id":"https:\/\/harder-zur-elbbruecke.de\/wordpress\/#organization","name":"Harder zur Elbbr\u00fccke","url":"https:\/\/harder-zur-elbbruecke.de\/wordpress\/","logo":{"@type":"ImageObject","inLanguage":"de","@id":"https:\/\/harder-zur-elbbruecke.de\/wordpress\/#\/schema\/logo\/image\/","url":"https:\/\/harder-zur-elbbruecke.de\/wordpress\/wp-content\/uploads\/2022\/12\/Logo.png","contentUrl":"https:\/\/harder-zur-elbbruecke.de\/wordpress\/wp-content\/uploads\/2022\/12\/Logo.png","width":658,"height":167,"caption":"Harder zur Elbbr\u00fccke"},"image":{"@id":"https:\/\/harder-zur-elbbruecke.de\/wordpress\/#\/schema\/logo\/image\/"}}]}},"_links":{"self":[{"href":"https:\/\/harder-zur-elbbruecke.de\/wordpress\/wp-json\/wp\/v2\/pages\/9","targetHints":{"allow":["GET"]}}],"collection":[{"href":"https:\/\/harder-zur-elbbruecke.de\/wordpress\/wp-json\/wp\/v2\/pages"}],"about":[{"href":"https:\/\/harder-zur-elbbruecke.de\/wordpress\/wp-json\/wp\/v2\/types\/page"}],"author":[{"embeddable":true,"href":"https:\/\/harder-zur-elbbruecke.de\/wordpress\/wp-json\/wp\/v2\/users\/1"}],"replies":[{"embeddable":true,"href":"https:\/\/harder-zur-elbbruecke.de\/wordpress\/wp-json\/wp\/v2\/comments?post=9"}],"version-history":[{"count":5,"href":"https:\/\/harder-zur-elbbruecke.de\/wordpress\/wp-json\/wp\/v2\/pages\/9\/revisions"}],"predecessor-version":[{"id":180,"href":"https:\/\/harder-zur-elbbruecke.de\/wordpress\/wp-json\/wp\/v2\/pages\/9\/revisions\/180"}],"wp:attachment":[{"href":"https:\/\/harder-zur-elbbruecke.de\/wordpress\/wp-json\/wp\/v2\/media?parent=9"}],"curies":[{"name":"wp","href":"https:\/\/api.w.org\/{rel}","templated":true}]}}